{"id":913,"date":"2018-12-22T16:22:37","date_gmt":"2018-12-22T15:22:37","guid":{"rendered":"http:\/\/www.ffneustift.at\/?page_id=913"},"modified":"2019-09-14T14:17:41","modified_gmt":"2019-09-14T12:17:41","slug":"hlf1-w","status":"publish","type":"page","link":"https:\/\/www.ffneustift.at\/?page_id=913","title":{"rendered":"HLF1-W"},"content":{"rendered":"<div class=\"flexslider ewic-slider-lite is_on_\" id=\"ewic-con-128369f4aaa533a7d\"><style>#ewic-con-128369f4aaa533a7d .flex-direction-nav .flex-next, #ewic-con-128369f4aaa533a7d .flex-direction-nav .flex-prev {opacity: 1;} #ewic-con-128369f4aaa533a7d .flex-direction-nav .flex-next {right: 10px !important; text-align: right !important;} #ewic-con-128369f4aaa533a7d .flex-direction-nav .flex-prev {left: 10px !important;}<\/style><div id=\"preloader-128369f4aaa533a7d\" class=\"sliderpreloader\"><\/div><ul style=\"display:none;\" class=\"slides flexslider-128369f4aaa533a7d\"><li class=\"ewic-slider\"><a href=\"https:\/\/www.ffneustift.at\/wp-content\/uploads\/2019\/09\/DSC_0099.jpg\"  rel=\"ewicprettyPhoto[128369f4aaa533a7d]\"><img decoding=\"async\"  class=\"ewic-wid-imgs\" src=\"https:\/\/www.ffneustift.at\/wp-content\/uploads\/2019\/09\/DSC_0099.jpg\" \/><p class=\"flex-caption\"><\/p><\/a><\/li><li class=\"ewic-slider\"><a href=\"https:\/\/www.ffneustift.at\/wp-content\/uploads\/2019\/09\/DSC_0061.jpg\"  rel=\"ewicprettyPhoto[128369f4aaa533a7d]\"><img decoding=\"async\"  class=\"ewic-wid-imgs\" src=\"https:\/\/www.ffneustift.at\/wp-content\/uploads\/2019\/09\/DSC_0061.jpg\" \/><p class=\"flex-caption\"><\/p><\/a><\/li><\/ul><script type=\"text\/javascript\">\r\n\tjQuery(document).ready(function($) {\r\n\r\n\t\t$(\"#preloader-128369f4aaa533a7d\").fadeOut(500, function () {\r\n\r\n\t\t\t$(\"#ewic-con-128369f4aaa533a7d\").addClass(\"ready_to_show\");\r\n\r\n\t\t\t$(\"a[rel^='ewicprettyPhoto[128369f4aaa533a7d]']\").ewcPhoto({\r\n\t\t\t\ttheme: \"ewc_default\",\r\n\t\t\t\tallow_expand: false,\r\n\t\t\t\tdeeplinking: false,\r\n\t\t\t\tslideshow:5000,\r\n\t\t\t\tautoplay_slideshow:true,\r\n\t\t\t\tsocial_tools:false\r\n\t\t\t});\r\n\r\n\t\t\t$(\".flexslider-128369f4aaa533a7d\").fadeIn(300);\r\n\r\n\t\t\t$(\"#ewic-con-128369f4aaa533a7d\").flexslider({\r\n\t\t\t\tanimation: \"slide\",\r\n\t\t\t\tanimationSpeed: 0,\r\n\t\t\t\tuseCSS: false,\r\n\t\t\t\teasing: \"easeInQuad\",\r\n\t\t\t\tdirection: \"horizontal\",\r\n\t\t\t\tslideshow: true,\r\n\t\t\t\tsmoothHeight: true,\r\n\t\t\t\tpauseOnHover: true,\r\n\t\t\t\tcontrolNav: false,\r\n\t\t\t\tprevText: \"\",\r\n\t\t\t\tnextText: \"\",\r\n\t\t\t\trtl: false,\r\n\t\t\t\tslideshowSpeed: 5000,\r\n\t\t\t\tstart: function(slider){\r\n\t\t\t\t\t$(\"#ewic-con-128369f4aaa533a7d\").find(\".flex-caption\").hide();\r\n\t\t\t\t\tvar curSlide = slider.find(\"li.flex-active-slide\");\r\n\t\t\t\t\t$(curSlide).find(\".flex-caption\").slideDown();\r\n\t\t\t\t},\r\n\t\t\t\tbefore: function(slider) {\r\n\t\t\t\t\t$(\"#ewic-con-128369f4aaa533a7d\").find(\".flex-caption\").slideUp();\r\n\t\t\t\t},\r\n\t\t\t\tafter: function(slider) {\r\n\t\t\t\t\tvar curSlide = slider.find(\"li.flex-active-slide\");\r\n\t\t\t\t\t$(curSlide).find(\".flex-caption\").slideDown();\r\n\t\t\t\t}\r\n\r\n\t\t\t});\r\n\r\n\t\t});\r\n\r\n\t});\r\n<\/script><\/div>\r\n\n\n\n\n<ul class=\"wp-block-list\"><li>Typ: Hilfeleistungsfahrzeug<\/li><\/ul>\n\n\n\n<ul class=\"wp-block-list\"><li>Aufbauer: Rosenbauer<\/li><\/ul>\n\n\n\n<ul class=\"wp-block-list\"><li>Fahrgestell: Mercedes Sprinter 519 4&#215;2<\/li><\/ul>\n\n\n\n<ul class=\"wp-block-list\"><li>Motorleistung: 140kW \/ 190PS<\/li><\/ul>\n\n\n\n<ul class=\"wp-block-list\"><li>Zul\u00e4ssiges Gesamtgewicht: 5.500 kg<\/li><\/ul>\n\n\n\n<ul class=\"wp-block-list\"><li>Besatzung: 1+5<\/li><\/ul>\n\n\n\n<ul class=\"wp-block-list\"><li>Baujahr: 2019<\/li><\/ul>\n\n\n\n<ul class=\"wp-block-list\"><li>Wassertank: 400l<\/li><\/ul>\n\n\n\n<ul class=\"wp-block-list\"><li>L\u00f6schleistung: 200l\/min bei 10 bar<\/li><\/ul>\n\n\n\n<ul class=\"wp-block-list\"><li>Lichtmast: 6 x 40 W LED<\/li><\/ul>\n\n\n\n<ul class=\"wp-block-list\"><li>LED Umfeldbeleuchtung<\/li><\/ul>\n\n\n\n<ul class=\"wp-block-list\"><li>LED Verkehrsleiteinrichtung im Heck<\/li><\/ul>\n\n\n\n<h3 class=\"wp-block-heading\"><strong>Ger\u00e4teraum 1<\/strong><\/h3>\n\n\n<div class=\"flexslider ewic-slider-lite is_on_\" id=\"ewic-con-126469f4aaa534720\"><style>#ewic-con-126469f4aaa534720 .flex-direction-nav .flex-next, #ewic-con-126469f4aaa534720 .flex-direction-nav .flex-prev {opacity: 1;} #ewic-con-126469f4aaa534720 .flex-direction-nav .flex-next {right: 10px !important; text-align: right !important;} #ewic-con-126469f4aaa534720 .flex-direction-nav .flex-prev {left: 10px !important;}<\/style><div id=\"preloader-126469f4aaa534720\" class=\"sliderpreloader\"><\/div><ul style=\"display:none;\" class=\"slides flexslider-126469f4aaa534720\"><li class=\"ewic-slider\"><a href=\"https:\/\/www.ffneustift.at\/wp-content\/uploads\/2019\/09\/DSC_0043.jpg\"  rel=\"ewicprettyPhoto[126469f4aaa534720]\"><img decoding=\"async\"  class=\"ewic-wid-imgs\" src=\"https:\/\/www.ffneustift.at\/wp-content\/uploads\/2019\/09\/DSC_0043.jpg\" \/><p class=\"flex-caption\"><\/p><\/a><\/li><\/ul><script type=\"text\/javascript\">\r\n\tjQuery(document).ready(function($) {\r\n\r\n\t\t$(\"#preloader-126469f4aaa534720\").fadeOut(500, function () {\r\n\r\n\t\t\t$(\"#ewic-con-126469f4aaa534720\").addClass(\"ready_to_show\");\r\n\r\n\t\t\t$(\"a[rel^='ewicprettyPhoto[126469f4aaa534720]']\").ewcPhoto({\r\n\t\t\t\ttheme: \"ewc_default\",\r\n\t\t\t\tallow_expand: false,\r\n\t\t\t\tdeeplinking: false,\r\n\t\t\t\tslideshow:5000,\r\n\t\t\t\tautoplay_slideshow:true,\r\n\t\t\t\tsocial_tools:false\r\n\t\t\t});\r\n\r\n\t\t\t$(\".flexslider-126469f4aaa534720\").fadeIn(300);\r\n\r\n\t\t\t$(\"#ewic-con-126469f4aaa534720\").flexslider({\r\n\t\t\t\tanimation: \"slide\",\r\n\t\t\t\tanimationSpeed: 0,\r\n\t\t\t\tuseCSS: false,\r\n\t\t\t\teasing: \"easeInQuad\",\r\n\t\t\t\tdirection: \"horizontal\",\r\n\t\t\t\tslideshow: true,\r\n\t\t\t\tsmoothHeight: true,\r\n\t\t\t\tpauseOnHover: true,\r\n\t\t\t\tcontrolNav: false,\r\n\t\t\t\tprevText: \"\",\r\n\t\t\t\tnextText: \"\",\r\n\t\t\t\trtl: false,\r\n\t\t\t\tslideshowSpeed: 5000,\r\n\t\t\t\tstart: function(slider){\r\n\t\t\t\t\t$(\"#ewic-con-126469f4aaa534720\").find(\".flex-caption\").hide();\r\n\t\t\t\t\tvar curSlide = slider.find(\"li.flex-active-slide\");\r\n\t\t\t\t\t$(curSlide).find(\".flex-caption\").slideDown();\r\n\t\t\t\t},\r\n\t\t\t\tbefore: function(slider) {\r\n\t\t\t\t\t$(\"#ewic-con-126469f4aaa534720\").find(\".flex-caption\").slideUp();\r\n\t\t\t\t},\r\n\t\t\t\tafter: function(slider) {\r\n\t\t\t\t\tvar curSlide = slider.find(\"li.flex-active-slide\");\r\n\t\t\t\t\t$(curSlide).find(\".flex-caption\").slideDown();\r\n\t\t\t\t}\r\n\r\n\t\t\t});\r\n\r\n\t\t});\r\n\r\n\t});\r\n<\/script><\/div>\r\n\n\n\n\n<h3 class=\"wp-block-heading\"><strong>Ger\u00e4teraum 2<\/strong><\/h3>\n\n\n<div class=\"flexslider ewic-slider-lite is_on_\" id=\"ewic-con-126769f4aaa53504e\"><style>#ewic-con-126769f4aaa53504e .flex-direction-nav .flex-next, #ewic-con-126769f4aaa53504e .flex-direction-nav .flex-prev {opacity: 1;} #ewic-con-126769f4aaa53504e .flex-direction-nav .flex-next {right: 10px !important; text-align: right !important;} #ewic-con-126769f4aaa53504e .flex-direction-nav .flex-prev {left: 10px !important;}<\/style><div id=\"preloader-126769f4aaa53504e\" class=\"sliderpreloader\"><\/div><ul style=\"display:none;\" class=\"slides flexslider-126769f4aaa53504e\"><li class=\"ewic-slider\"><a href=\"https:\/\/www.ffneustift.at\/wp-content\/uploads\/2019\/09\/DSC_0044.jpg\"  rel=\"ewicprettyPhoto[126769f4aaa53504e]\"><img decoding=\"async\"  class=\"ewic-wid-imgs\" src=\"https:\/\/www.ffneustift.at\/wp-content\/uploads\/2019\/09\/DSC_0044.jpg\" \/><p class=\"flex-caption\"><\/p><\/a><\/li><li class=\"ewic-slider\"><a href=\"https:\/\/www.ffneustift.at\/wp-content\/uploads\/2019\/09\/DSC_0047.jpg\"  rel=\"ewicprettyPhoto[126769f4aaa53504e]\"><img decoding=\"async\"  class=\"ewic-wid-imgs\" src=\"https:\/\/www.ffneustift.at\/wp-content\/uploads\/2019\/09\/DSC_0047.jpg\" \/><p class=\"flex-caption\"><\/p><\/a><\/li><\/ul><script type=\"text\/javascript\">\r\n\tjQuery(document).ready(function($) {\r\n\r\n\t\t$(\"#preloader-126769f4aaa53504e\").fadeOut(500, function () {\r\n\r\n\t\t\t$(\"#ewic-con-126769f4aaa53504e\").addClass(\"ready_to_show\");\r\n\r\n\t\t\t$(\"a[rel^='ewicprettyPhoto[126769f4aaa53504e]']\").ewcPhoto({\r\n\t\t\t\ttheme: \"ewc_default\",\r\n\t\t\t\tallow_expand: false,\r\n\t\t\t\tdeeplinking: false,\r\n\t\t\t\tslideshow:5000,\r\n\t\t\t\tautoplay_slideshow:true,\r\n\t\t\t\tsocial_tools:false\r\n\t\t\t});\r\n\r\n\t\t\t$(\".flexslider-126769f4aaa53504e\").fadeIn(300);\r\n\r\n\t\t\t$(\"#ewic-con-126769f4aaa53504e\").flexslider({\r\n\t\t\t\tanimation: \"slide\",\r\n\t\t\t\tanimationSpeed: 0,\r\n\t\t\t\tuseCSS: false,\r\n\t\t\t\teasing: \"easeInQuad\",\r\n\t\t\t\tdirection: \"horizontal\",\r\n\t\t\t\tslideshow: true,\r\n\t\t\t\tsmoothHeight: true,\r\n\t\t\t\tpauseOnHover: true,\r\n\t\t\t\tcontrolNav: false,\r\n\t\t\t\tprevText: \"\",\r\n\t\t\t\tnextText: \"\",\r\n\t\t\t\trtl: false,\r\n\t\t\t\tslideshowSpeed: 5000,\r\n\t\t\t\tstart: function(slider){\r\n\t\t\t\t\t$(\"#ewic-con-126769f4aaa53504e\").find(\".flex-caption\").hide();\r\n\t\t\t\t\tvar curSlide = slider.find(\"li.flex-active-slide\");\r\n\t\t\t\t\t$(curSlide).find(\".flex-caption\").slideDown();\r\n\t\t\t\t},\r\n\t\t\t\tbefore: function(slider) {\r\n\t\t\t\t\t$(\"#ewic-con-126769f4aaa53504e\").find(\".flex-caption\").slideUp();\r\n\t\t\t\t},\r\n\t\t\t\tafter: function(slider) {\r\n\t\t\t\t\tvar curSlide = slider.find(\"li.flex-active-slide\");\r\n\t\t\t\t\t$(curSlide).find(\".flex-caption\").slideDown();\r\n\t\t\t\t}\r\n\r\n\t\t\t});\r\n\r\n\t\t});\r\n\r\n\t});\r\n<\/script><\/div>\r\n\n\n\n\n<h3 class=\"wp-block-heading\"><strong>Ger\u00e4teraum 3<\/strong><\/h3>\n\n\n<div class=\"flexslider ewic-slider-lite is_on_\" id=\"ewic-con-127169f4aaa535d5c\"><style>#ewic-con-127169f4aaa535d5c .flex-direction-nav .flex-next, #ewic-con-127169f4aaa535d5c .flex-direction-nav .flex-prev {opacity: 1;} #ewic-con-127169f4aaa535d5c .flex-direction-nav .flex-next {right: 10px !important; text-align: right !important;} #ewic-con-127169f4aaa535d5c .flex-direction-nav .flex-prev {left: 10px !important;}<\/style><div id=\"preloader-127169f4aaa535d5c\" class=\"sliderpreloader\"><\/div><ul style=\"display:none;\" class=\"slides flexslider-127169f4aaa535d5c\"><li class=\"ewic-slider\"><a href=\"https:\/\/www.ffneustift.at\/wp-content\/uploads\/2019\/09\/DSC_0077.jpg\"  rel=\"ewicprettyPhoto[127169f4aaa535d5c]\"><img decoding=\"async\"  class=\"ewic-wid-imgs\" src=\"https:\/\/www.ffneustift.at\/wp-content\/uploads\/2019\/09\/DSC_0077.jpg\" \/><p class=\"flex-caption\"><\/p><\/a><\/li><li class=\"ewic-slider\"><a href=\"https:\/\/www.ffneustift.at\/wp-content\/uploads\/2019\/09\/DSC_0078.jpg\"  rel=\"ewicprettyPhoto[127169f4aaa535d5c]\"><img decoding=\"async\"  class=\"ewic-wid-imgs\" src=\"https:\/\/www.ffneustift.at\/wp-content\/uploads\/2019\/09\/DSC_0078.jpg\" \/><p class=\"flex-caption\"><\/p><\/a><\/li><li class=\"ewic-slider\"><a href=\"https:\/\/www.ffneustift.at\/wp-content\/uploads\/2019\/09\/DSC_0084.jpg\"  rel=\"ewicprettyPhoto[127169f4aaa535d5c]\"><img decoding=\"async\"  class=\"ewic-wid-imgs\" src=\"https:\/\/www.ffneustift.at\/wp-content\/uploads\/2019\/09\/DSC_0084.jpg\" \/><p class=\"flex-caption\"><\/p><\/a><\/li><\/ul><script type=\"text\/javascript\">\r\n\tjQuery(document).ready(function($) {\r\n\r\n\t\t$(\"#preloader-127169f4aaa535d5c\").fadeOut(500, function () {\r\n\r\n\t\t\t$(\"#ewic-con-127169f4aaa535d5c\").addClass(\"ready_to_show\");\r\n\r\n\t\t\t$(\"a[rel^='ewicprettyPhoto[127169f4aaa535d5c]']\").ewcPhoto({\r\n\t\t\t\ttheme: \"ewc_default\",\r\n\t\t\t\tallow_expand: false,\r\n\t\t\t\tdeeplinking: false,\r\n\t\t\t\tslideshow:5000,\r\n\t\t\t\tautoplay_slideshow:true,\r\n\t\t\t\tsocial_tools:false\r\n\t\t\t});\r\n\r\n\t\t\t$(\".flexslider-127169f4aaa535d5c\").fadeIn(300);\r\n\r\n\t\t\t$(\"#ewic-con-127169f4aaa535d5c\").flexslider({\r\n\t\t\t\tanimation: \"slide\",\r\n\t\t\t\tanimationSpeed: 0,\r\n\t\t\t\tuseCSS: false,\r\n\t\t\t\teasing: \"easeInQuad\",\r\n\t\t\t\tdirection: \"horizontal\",\r\n\t\t\t\tslideshow: true,\r\n\t\t\t\tsmoothHeight: true,\r\n\t\t\t\tpauseOnHover: true,\r\n\t\t\t\tcontrolNav: false,\r\n\t\t\t\tprevText: \"\",\r\n\t\t\t\tnextText: \"\",\r\n\t\t\t\trtl: false,\r\n\t\t\t\tslideshowSpeed: 5000,\r\n\t\t\t\tstart: function(slider){\r\n\t\t\t\t\t$(\"#ewic-con-127169f4aaa535d5c\").find(\".flex-caption\").hide();\r\n\t\t\t\t\tvar curSlide = slider.find(\"li.flex-active-slide\");\r\n\t\t\t\t\t$(curSlide).find(\".flex-caption\").slideDown();\r\n\t\t\t\t},\r\n\t\t\t\tbefore: function(slider) {\r\n\t\t\t\t\t$(\"#ewic-con-127169f4aaa535d5c\").find(\".flex-caption\").slideUp();\r\n\t\t\t\t},\r\n\t\t\t\tafter: function(slider) {\r\n\t\t\t\t\tvar curSlide = slider.find(\"li.flex-active-slide\");\r\n\t\t\t\t\t$(curSlide).find(\".flex-caption\").slideDown();\r\n\t\t\t\t}\r\n\r\n\t\t\t});\r\n\r\n\t\t});\r\n\r\n\t});\r\n<\/script><\/div>\r\n\n\n\n\n<h3 class=\"wp-block-heading\"><strong>Mannschaftsraum<\/strong><\/h3>\n\n\n<div class=\"flexslider ewic-slider-lite is_on_\" id=\"ewic-con-127669f4aaa536afb\"><style>#ewic-con-127669f4aaa536afb .flex-direction-nav .flex-next, #ewic-con-127669f4aaa536afb .flex-direction-nav .flex-prev {opacity: 1;} #ewic-con-127669f4aaa536afb .flex-direction-nav .flex-next {right: 10px !important; text-align: right !important;} #ewic-con-127669f4aaa536afb .flex-direction-nav .flex-prev {left: 10px !important;}<\/style><div id=\"preloader-127669f4aaa536afb\" class=\"sliderpreloader\"><\/div><ul style=\"display:none;\" class=\"slides flexslider-127669f4aaa536afb\"><li class=\"ewic-slider\"><a href=\"https:\/\/www.ffneustift.at\/wp-content\/uploads\/2019\/09\/20190914_110228.jpg\"  rel=\"ewicprettyPhoto[127669f4aaa536afb]\"><img decoding=\"async\"  class=\"ewic-wid-imgs\" src=\"https:\/\/www.ffneustift.at\/wp-content\/uploads\/2019\/09\/20190914_110228.jpg\" \/><p class=\"flex-caption\"><\/p><\/a><\/li><li class=\"ewic-slider\"><a href=\"https:\/\/www.ffneustift.at\/wp-content\/uploads\/2019\/09\/DSC_0049.jpg\"  rel=\"ewicprettyPhoto[127669f4aaa536afb]\"><img decoding=\"async\"  class=\"ewic-wid-imgs\" src=\"https:\/\/www.ffneustift.at\/wp-content\/uploads\/2019\/09\/DSC_0049.jpg\" \/><p class=\"flex-caption\"><\/p><\/a><\/li><li class=\"ewic-slider\"><a href=\"https:\/\/www.ffneustift.at\/wp-content\/uploads\/2019\/09\/20190914_110220.jpg\"  rel=\"ewicprettyPhoto[127669f4aaa536afb]\"><img decoding=\"async\"  class=\"ewic-wid-imgs\" src=\"https:\/\/www.ffneustift.at\/wp-content\/uploads\/2019\/09\/20190914_110220.jpg\" \/><p class=\"flex-caption\"><\/p><\/a><\/li><li class=\"ewic-slider\"><a href=\"https:\/\/www.ffneustift.at\/wp-content\/uploads\/2019\/09\/20190914_110211.jpg\"  rel=\"ewicprettyPhoto[127669f4aaa536afb]\"><img decoding=\"async\"  class=\"ewic-wid-imgs\" src=\"https:\/\/www.ffneustift.at\/wp-content\/uploads\/2019\/09\/20190914_110211.jpg\" \/><p class=\"flex-caption\"><\/p><\/a><\/li><\/ul><script type=\"text\/javascript\">\r\n\tjQuery(document).ready(function($) {\r\n\r\n\t\t$(\"#preloader-127669f4aaa536afb\").fadeOut(500, function () {\r\n\r\n\t\t\t$(\"#ewic-con-127669f4aaa536afb\").addClass(\"ready_to_show\");\r\n\r\n\t\t\t$(\"a[rel^='ewicprettyPhoto[127669f4aaa536afb]']\").ewcPhoto({\r\n\t\t\t\ttheme: \"ewc_default\",\r\n\t\t\t\tallow_expand: false,\r\n\t\t\t\tdeeplinking: false,\r\n\t\t\t\tslideshow:5000,\r\n\t\t\t\tautoplay_slideshow:true,\r\n\t\t\t\tsocial_tools:false\r\n\t\t\t});\r\n\r\n\t\t\t$(\".flexslider-127669f4aaa536afb\").fadeIn(300);\r\n\r\n\t\t\t$(\"#ewic-con-127669f4aaa536afb\").flexslider({\r\n\t\t\t\tanimation: \"slide\",\r\n\t\t\t\tanimationSpeed: 0,\r\n\t\t\t\tuseCSS: false,\r\n\t\t\t\teasing: \"easeInQuad\",\r\n\t\t\t\tdirection: \"horizontal\",\r\n\t\t\t\tslideshow: true,\r\n\t\t\t\tsmoothHeight: true,\r\n\t\t\t\tpauseOnHover: true,\r\n\t\t\t\tcontrolNav: false,\r\n\t\t\t\tprevText: \"\",\r\n\t\t\t\tnextText: \"\",\r\n\t\t\t\trtl: false,\r\n\t\t\t\tslideshowSpeed: 5000,\r\n\t\t\t\tstart: function(slider){\r\n\t\t\t\t\t$(\"#ewic-con-127669f4aaa536afb\").find(\".flex-caption\").hide();\r\n\t\t\t\t\tvar curSlide = slider.find(\"li.flex-active-slide\");\r\n\t\t\t\t\t$(curSlide).find(\".flex-caption\").slideDown();\r\n\t\t\t\t},\r\n\t\t\t\tbefore: function(slider) {\r\n\t\t\t\t\t$(\"#ewic-con-127669f4aaa536afb\").find(\".flex-caption\").slideUp();\r\n\t\t\t\t},\r\n\t\t\t\tafter: function(slider) {\r\n\t\t\t\t\tvar curSlide = slider.find(\"li.flex-active-slide\");\r\n\t\t\t\t\t$(curSlide).find(\".flex-caption\").slideDown();\r\n\t\t\t\t}\r\n\r\n\t\t\t});\r\n\r\n\t\t});\r\n\r\n\t});\r\n<\/script><\/div>\r\n\n","protected":false},"excerpt":{"rendered":"<p>Typ: Hilfeleistungsfahrzeug Aufbauer: Rosenbauer Fahrgestell: Mercedes Sprinter 519 4&#215;2 Motorleistung: 140kW \/ 190PS Zul\u00e4ssiges Gesamtgewicht: 5.500 kg Besatzung: 1+5 Baujahr: 2019 Wassertank: 400l L\u00f6schleistung: 200l\/min bei 10 bar Lichtmast: 6 x 40 W LED LED Umfeldbeleuchtung LED Verkehrsleiteinrichtung im Heck Ger\u00e4teraum 1 Ger\u00e4teraum 2 Ger\u00e4teraum 3 Mannschaftsraum<\/p>\n","protected":false},"author":1,"featured_media":0,"parent":0,"menu_order":0,"comment_status":"closed","ping_status":"closed","template":"","meta":{"jetpack_post_was_ever_published":false,"footnotes":""},"class_list":["post-913","page","type-page","status-publish","hentry"],"jetpack_sharing_enabled":true,"jetpack_shortlink":"https:\/\/wp.me\/P9x3fP-eJ","_links":{"self":[{"href":"https:\/\/www.ffneustift.at\/index.php?rest_route=\/wp\/v2\/pages\/913","targetHints":{"allow":["GET"]}}],"collection":[{"href":"https:\/\/www.ffneustift.at\/index.php?rest_route=\/wp\/v2\/pages"}],"about":[{"href":"https:\/\/www.ffneustift.at\/index.php?rest_route=\/wp\/v2\/types\/page"}],"author":[{"embeddable":true,"href":"https:\/\/www.ffneustift.at\/index.php?rest_route=\/wp\/v2\/users\/1"}],"replies":[{"embeddable":true,"href":"https:\/\/www.ffneustift.at\/index.php?rest_route=%2Fwp%2Fv2%2Fcomments&post=913"}],"version-history":[{"count":17,"href":"https:\/\/www.ffneustift.at\/index.php?rest_route=\/wp\/v2\/pages\/913\/revisions"}],"predecessor-version":[{"id":1287,"href":"https:\/\/www.ffneustift.at\/index.php?rest_route=\/wp\/v2\/pages\/913\/revisions\/1287"}],"wp:attachment":[{"href":"https:\/\/www.ffneustift.at\/index.php?rest_route=%2Fwp%2Fv2%2Fmedia&parent=913"}],"curies":[{"name":"wp","href":"https:\/\/api.w.org\/{rel}","templated":true}]}}